{"id":74,"date":"2016-07-13T19:49:59","date_gmt":"2016-07-13T19:49:59","guid":{"rendered":"http:\/\/a2physio.ch\/wordpress\/?page_id=74"},"modified":"2016-09-25T19:16:40","modified_gmt":"2016-09-25T19:16:40","slug":"angebot","status":"publish","type":"page","link":"https:\/\/a2physio.ch\/wordpress\/angebot\/","title":{"rendered":"ANGEBOT"},"content":{"rendered":"<div id=\"cs-content\" class=\"cs-content\"><div id=\"x-section-1\" class=\"x-section\" style=\"margin: -60px 0px -80px;padding: 45px 0px; background-color: transparent;\" ><div id=\"\" class=\"x-container max width marginless-columns\" style=\"margin: 0px auto;padding: 0px 0px 20px;\" ><div  class=\"x-column x-sm cs-ta-right man x-1-1\" style=\"padding: 0px;\" ><h1  class=\"h-custom-headline cs-ta-center man h1\" ><span><h1  class=\"h-custom-headline responsive-heading center-text\" ><span>ANGEBOT<\/span><\/h1> <span id=\"x-responsive-text-1\" data-x-element-responsive-text=\"{&quot;selector&quot;:&quot;.responsive-heading&quot;,&quot;compression&quot;:&quot;0.7&quot;,&quot;minFontSize&quot;:&quot;&quot;,&quot;maxFontSize&quot;:&quot;&quot;}\"><\/span><\/span><\/h1><\/div><\/div><div id=\"\" class=\"x-container max width\" style=\"margin: 0px auto;padding: 0px;\" ><div  class=\"x-column x-sm cs-ta-left x-1-1\" style=\"padding: 0px;\" ><img  class=\"x-img x-img-none\"  src=\"https:\/\/a2physio.ch\/wordpress\/wp-content\/uploads\/2016\/09\/C7D22630.jpg\" ><\/div><\/div><div id=\"\" class=\"x-container cs-ta-justify max width\" style=\"margin: 0px auto;padding: 0px;\" ><div  class=\"x-column x-sm cs-ta-left x-1-1\" style=\"padding: 0px;\" ><div id=\"\" class=\"x-text cs-ta-left\" style=\"\" ><h3 style=\"color: #73be32;\"><strong>Wir bieten:<\/strong><\/h3>\n<ul>\n<li><strong>SPORTPHYSIO THERAPIE<\/strong><\/li>\n<li><strong>MANUELLE THERAPIE (Maitland)<\/strong><\/li>\n<li><strong>BEWEGUNGS THERAPIE aktiv &amp; passiv<\/strong><\/li>\n<li><strong>REHABILITATIONS TRAINING NACH OPERATIONEN<\/strong><\/li>\n<li><strong>HALTUNGS- UND R\u00dcCKENTRAINING<\/strong><\/li>\n<li><strong>TRIGGERPUNKT THERAPIE<\/strong><\/li>\n<li><strong>LYMPHDRAINAGE<\/strong><\/li>\n<li><strong>MASSAGE<\/strong><\/li>\n<li><strong>SPORT- &amp; KINESIO TAPING<\/strong><\/li>\n<li><strong>ELEKTROTHERAPIE \/ ULTRASHALL<\/strong><\/li>\n<li><strong>MTT (Medizinische Trainings Therapie)<\/strong><\/li>\n<li><strong>GRUPPENTRAINING (Gruppen von max. 6 Personen)<\/strong><\/li>\n<\/ul>\n<p><hr  class=\"x-hr\" style=\"width: 100%;border-top: 3px solid rgb(81,82,86);\"> Wir decken dank langj\u00e4hriger Erfahrung und j\u00e4hrlichen Weiterbildungen ein breites Spektrum ab. Wir behandeln orthop\u00e4dische, rheumatische und degenerative Beschwerden und Verletzungen des Bewegungsapparates und bieten Reha und Training nach diversen Operationen. Zus\u00e4tzlich gibt es unsere Trainingsgruppen, wo sie nach Abschluss ihrer Physiotherapie in betreuten Kleingruppen, weiter trainieren k\u00f6nnen.<\/p>\n<p>Unsere Dienstleistungen sind von allen Krankenkassen und Versicherungen anerkannt. Wenn sie eine \u00e4rztliche Verordnung bringen wird in den meisten F\u00e4llen direkt mit der Krankenkasse oder Versicherung abgerechnet. Private Behandlungen sind aber auch jederzeit m\u00f6glich.<\/p>\n<\/div><\/div><\/div><\/div><\/div>\n","protected":false},"excerpt":{"rendered":"","protected":false},"author":1,"featured_media":0,"parent":0,"menu_order":0,"comment_status":"closed","ping_status":"closed","template":"","meta":[],"_links":{"self":[{"href":"https:\/\/a2physio.ch\/wordpress\/wp-json\/wp\/v2\/pages\/74"}],"collection":[{"href":"https:\/\/a2physio.ch\/wordpress\/wp-json\/wp\/v2\/pages"}],"about":[{"href":"https:\/\/a2physio.ch\/wordpress\/wp-json\/wp\/v2\/types\/page"}],"author":[{"embeddable":true,"href":"https:\/\/a2physio.ch\/wordpress\/wp-json\/wp\/v2\/users\/1"}],"replies":[{"embeddable":true,"href":"https:\/\/a2physio.ch\/wordpress\/wp-json\/wp\/v2\/comments?post=74"}],"version-history":[{"count":51,"href":"https:\/\/a2physio.ch\/wordpress\/wp-json\/wp\/v2\/pages\/74\/revisions"}],"predecessor-version":[{"id":388,"href":"https:\/\/a2physio.ch\/wordpress\/wp-json\/wp\/v2\/pages\/74\/revisions\/388"}],"wp:attachment":[{"href":"https:\/\/a2physio.ch\/wordpress\/wp-json\/wp\/v2\/media?parent=74"}],"curies":[{"name":"wp","href":"https:\/\/api.w.org\/{rel}","templated":true}]}}