{"id":55,"date":"2016-07-13T18:41:14","date_gmt":"2016-07-13T18:41:14","guid":{"rendered":"http:\/\/a2physio.ch\/wordpress\/?page_id=55"},"modified":"2023-08-27T18:24:39","modified_gmt":"2023-08-27T18:24:39","slug":"a2","status":"publish","type":"page","link":"https:\/\/a2physio.ch\/wordpress\/a2\/","title":{"rendered":"A2"},"content":{"rendered":"<div id=\"cs-content\" class=\"cs-content\"><div id=\"x-section-1\" class=\"x-section\" style=\"margin: -60px 0px -80px;padding: 45px 0px; background-color: transparent;\" ><div id=\"\" class=\"x-container max width marginless-columns\" style=\"margin: 0px auto;padding: 0px;\" ><div  class=\"x-column x-sm cs-ta-right man x-1-1\" style=\"padding: 0px;\" ><h1  class=\"h-custom-headline cs-ta-left man h1\" ><span><strong>A2<\/strong><\/span><\/h1><\/div><\/div><div id=\"\" class=\"x-container cs-ta-left max width\" style=\"margin: 0px auto;padding: 20px 0px;\" ><div  class=\"x-column x-sm x-1-1\" style=\"padding: 0px;\" ><h2  class=\"h-custom-headline man h3\" ><span><strong>2 A's f\u00fcr 1A-Wohlgef\u00fchl<\/strong><\/span><\/h2><\/div><\/div><div id=\"\" class=\"x-container max width\" style=\"margin: 0px auto;padding: 0px;\" ><div  class=\"x-column x-sm x-1-1\" style=\"padding: 0px;\" ><img  class=\"x-img x-img-rounded\"  src=\"https:\/\/a2physio.ch\/wordpress\/wp-content\/uploads\/2016\/07\/C7D_7369.jpg\" ><div class=\"x-row e55-11 m1j-0 m1j-1\"><div class=\"x-row-inner\"><div class=\"x-col e55-12 m1j-3\"><div class=\"x-counter e55-13 m1j-4\" data-x-element-counter=\"{&quot;to&quot;:&quot;52&quot;,&quot;speed&quot;:&quot;2000ms&quot;}\"><div class=\"x-counter-number-wrap\"><span class=\"x-counter-number\">0<\/span><span class=\"x-counter-number-suffix\">+<\/span><\/div><\/div><div class=\"x-text e55-14 m1j-5\">JAHRE ERFAHRUNG<\/div><\/div><div class=\"x-col e55-15 m1j-3\"><div class=\"x-counter e55-16 m1j-4\" data-x-element-counter=\"{&quot;to&quot;:&quot;158763&quot;,&quot;speed&quot;:&quot;2000ms&quot;}\"><div class=\"x-counter-number-wrap\"><span class=\"x-counter-number\">0<\/span><span class=\"x-counter-number-suffix\">+<\/span><\/div><\/div><div class=\"x-text e55-17 m1j-5\">TASSEN KAFFE<\/div><\/div><\/div><\/div><div class=\"x-counter e55-18 m1j-4\" data-x-element-counter=\"{&quot;to&quot;:&quot;2469&quot;,&quot;speed&quot;:&quot;2000ms&quot;}\"><div class=\"x-counter-number-wrap\"><span class=\"x-counter-number\">0<\/span><span class=\"x-counter-number-suffix\">+<\/span><\/div><\/div><div class=\"x-row e55-19 m1j-0 m1j-2\"><div class=\"x-row-inner\"><div class=\"x-col e55-20 m1j-3\"><div class=\"x-text e55-21 m1j-5\">STUNDEN WEITERBILDUNG<\/div><\/div><\/div><\/div><\/div><\/div><div id=\"\" class=\"x-container max width\" style=\"margin: 0px auto;padding: 0px;\" ><div  class=\"x-column x-sm cs-ta-left x-1-1\" style=\"padding: 0px;\" ><div id=\"\" class=\"x-text cs-ta-justify\" style=\"\" ><h4><strong>A2 f\u00fcr Alfonso und Astrid<\/strong><\/h4>\n<p>Wir sind <strong>Astrid Bl\u00fcmel-Ouwerkerk<\/strong>, Dipl. Physiotherapeutin seit 1988 und <strong>Alfonso Caama\u00f1o-Berm\u00fadez<\/strong>, Dipl. Physiotherapeut seit 2004. Wir haben uns an einer gemeinsamen Arbeitsstelle kennen und sch\u00e4tzen gelernt und starten nach 6 Jahren Zusammenarbeit (2016) unsere eigene Praxis.<\/p>\n<p>R\u00fcckenschmerzen? Halskehre? Kreuzbandriss? Arthrose? Schulterbeschwerden? Neues H\u00fcftgelenk? Dank der Kombination aus jugendlicher Leidenschaft und langj\u00e4hriger Erfahrung, bieten wir eine physiotherapeutisch optimale Leistung um die Bewegungs- und Funktionsf\u00e4higkeit ihres K\u00f6rpers wieder herzustellen. Immer pers\u00f6nlich, freundlich und fachlich kompetent.<\/p>\n<\/div><\/div><\/div><\/div><\/div>\n","protected":false},"excerpt":{"rendered":"<p>A22 A&#8217;s f\u00fcr 1A-Wohlgef\u00fchl0+JAHRE ERFAHRUNG0+TASSEN KAFFE0+STUNDEN WEITERBILDUNGA2 f\u00fcr Alfonso und Astrid Wir sind Astrid Bl\u00fcmel-Ouwerkerk, Dipl. Physiotherapeutin seit 1988 und Alfonso Caama\u00f1o-Berm\u00fadez, Dipl. Physiotherapeut seit 2004. Wir haben uns an einer gemeinsamen Arbeitsstelle kennen und sch\u00e4tzen gelernt und starten nach 6 Jahren Zusammenarbeit (2016) unsere eigene Praxis. R\u00fcckenschmerzen? Halskehre? Kreuzbandriss? Arthrose? Schulterbeschwerden? Neues H\u00fcftgelenk? Dank der Kombination aus jugendlicher Leidenschaft &#8230; <\/p>\n<div><a href=\"https:\/\/a2physio.ch\/wordpress\/a2\/\" class=\"more-link\">Read More<\/a><\/div>\n","protected":false},"author":1,"featured_media":0,"parent":0,"menu_order":0,"comment_status":"closed","ping_status":"closed","template":"","meta":[],"_links":{"self":[{"href":"https:\/\/a2physio.ch\/wordpress\/wp-json\/wp\/v2\/pages\/55"}],"collection":[{"href":"https:\/\/a2physio.ch\/wordpress\/wp-json\/wp\/v2\/pages"}],"about":[{"href":"https:\/\/a2physio.ch\/wordpress\/wp-json\/wp\/v2\/types\/page"}],"author":[{"embeddable":true,"href":"https:\/\/a2physio.ch\/wordpress\/wp-json\/wp\/v2\/users\/1"}],"replies":[{"embeddable":true,"href":"https:\/\/a2physio.ch\/wordpress\/wp-json\/wp\/v2\/comments?post=55"}],"version-history":[{"count":25,"href":"https:\/\/a2physio.ch\/wordpress\/wp-json\/wp\/v2\/pages\/55\/revisions"}],"predecessor-version":[{"id":644,"href":"https:\/\/a2physio.ch\/wordpress\/wp-json\/wp\/v2\/pages\/55\/revisions\/644"}],"wp:attachment":[{"href":"https:\/\/a2physio.ch\/wordpress\/wp-json\/wp\/v2\/media?parent=55"}],"curies":[{"name":"wp","href":"https:\/\/api.w.org\/{rel}","templated":true}]}}