{"id":315,"date":"2016-09-19T13:22:41","date_gmt":"2016-09-19T13:22:41","guid":{"rendered":"http:\/\/a2physio.ch\/wordpress\/?page_id=315"},"modified":"2025-03-16T12:49:27","modified_gmt":"2025-03-16T12:49:27","slug":"anmeldung-v1","status":"publish","type":"page","link":"https:\/\/a2physio.ch\/wordpress\/anmeldung-v1\/","title":{"rendered":"ANMELDUNG"},"content":{"rendered":"<div id=\"cs-content\" class=\"cs-content\"><div id=\"x-section-1\" class=\"x-section\" style=\"margin: -60px 0px -80px;padding: 45px 0px; background-color: transparent;\" ><div id=\"\" class=\"x-container max width\" style=\"margin: 0px auto;padding: 0px;\" ><div  class=\"x-column x-sm x-1-1\" style=\"padding: 0px;\" ><div class=\"x-text e315-4 m8r-0\"><span style=\"color: #ff0000;\"><strong>WICHTIG:<\/strong><\/span>\u00a0\u00a0 Steht eine Operation bevor? Bitte melden Sie sich, sobald Sie den OP-Termin haben, damit wir Ihre Termine rechtzeitig einplanen k\u00f6nnen!<\/p><\/p><\/div><\/div><\/div><div id=\"\" class=\"x-container max width\" style=\"margin: 0px auto;padding: 0px;\" ><div  class=\"x-column x-sm x-1-1\" style=\"padding: 0px;\" ><img  class=\"x-img x-img-none\"  src=\"https:\/\/a2physio.ch\/wordpress\/wp-content\/uploads\/2016\/09\/5D_5815.jpg\" ><\/div><\/div><div id=\"\" class=\"x-container max width\" style=\"margin: 0px auto;padding: 0px;\" ><div  class=\"x-column x-sm x-1-1\" style=\"padding: 0px;\" ><h2  class=\"h-custom-headline h3\" ><span>Und so funktioniert es:<\/span><\/h2><\/div><\/div><div id=\"\" class=\"x-container max width\" style=\"margin: 0px auto;padding: 0px;\" ><div  class=\"x-column x-sm cs-ta-left x-1-1\" style=\"padding: 0px;\" ><div id=\"\" class=\"x-text cs-ta-left\" style=\"\" ><p><strong>1.\u00a0 <\/strong>Ihr Arzt verschreibt Ihnen Physiotherapie und gibt ihnen eine Verordnung mit, oder er schickt die Verordnung direkt zu uns per Mail oder Fax.<\/p>\n<p>Bei uns k\u00f6nnen Sie auch einen privat Termin ohne \u00e4rztliche Verordung abmachen. (z.B. f\u00fcr Massage oder Training)<\/p>\n<p>Mit \u00e4rztlicher Verordnung zahlt die Krankenkasse oder die Versicherung. Ohne die \u00e4rztliche Verordung zahlen Sie die Rechnung selber.<\/p>\n<p><strong>2.\u00a0 <\/strong>Sie melden sich bei uns per Telefon und bekommen so schnell wie m\u00f6glich einen Termin, oder sie melden sich via Termin Anfrageformular weiter unten auf dieser Seite. Wir melden uns dann so rasch wie m\u00f6glich bei Ihnen und machen einen Termin aus.<\/p>\n<p><strong>3. <\/strong>Oder kommen sie doch einfach pers\u00f6nlich vorbei !<\/p>\n<p>WIR FREUEN UNS AUF IHRE ANMELDUNG !<\/p>\n<p><span style=\"color: #0000ff;\"><strong>P.S. <\/strong><\/span><br \/>\n<span style=\"color: #0000ff;\"> <strong>Wir sind anerkannt von allen Schweizer Krankenkassen und Versicherungen.<\/strong><\/span><br \/>\n<hr  class=\"x-hr\" style=\"width: 100%;border-top: 3px solid rgb(81,82,86);\"><\/p>\n<\/div><\/div><\/div><div id=\"\" class=\"x-container cs-ta-left max width\" style=\"margin: 0px auto;padding: 0px;\" ><div  class=\"x-column x-sm x-1-1\" style=\"padding: 0px;\" ><h2  class=\"h-custom-headline mts h3\" ><span>Termin Anfrage<\/span><\/h2><\/div><\/div><div id=\"\" class=\"x-container max width\" style=\"margin: 0px auto;padding: 0px;\" ><div  class=\"x-column x-sm x-1-1\" style=\"padding: 0px;\" ><div id=\"\" class=\"x-text\" style=\"\" ><p><div class=\"wpcf7 no-js\" id=\"wpcf7-f140-o1\" lang=\"en-US\" dir=\"ltr\">\n<div class=\"screen-reader-response\"><p role=\"status\" aria-live=\"polite\" aria-atomic=\"true\"><\/p> <ul><\/ul><\/div>\n<form action=\"\/wordpress\/wp-json\/wp\/v2\/pages\/315#wpcf7-f140-o1\" method=\"post\" class=\"wpcf7-form init\" aria-label=\"Contact form\" novalidate=\"novalidate\" data-status=\"init\">\n<div style=\"display: none;\">\n<input type=\"hidden\" name=\"_wpcf7\" value=\"140\" \/>\n<input type=\"hidden\" name=\"_wpcf7_version\" value=\"5.7.2\" \/>\n<input type=\"hidden\" name=\"_wpcf7_locale\" value=\"en_US\" \/>\n<input type=\"hidden\" name=\"_wpcf7_unit_tag\" value=\"wpcf7-f140-o1\" \/>\n<input type=\"hidden\" name=\"_wpcf7_container_post\" value=\"0\" \/>\n<input type=\"hidden\" name=\"_wpcf7_posted_data_hash\" value=\"\" \/>\n<\/div>\n<p>Ihr Name (Pflichtfeld)\n<\/p>\n<p><span class=\"wpcf7-form-control-wrap\" data-name=\"your-name\"><input size=\"40\" class=\"wpcf7-form-control wpcf7-text wpcf7-validates-as-required\" aria-required=\"true\" aria-invalid=\"false\" value=\"\" type=\"text\" name=\"your-name\" \/><\/span>\n<\/p>\n<p>Ihre E-Mail-Adresse (Pflichtfeld)\n<\/p>\n<p><span class=\"wpcf7-form-control-wrap\" data-name=\"your-email\"><input size=\"40\" class=\"wpcf7-form-control wpcf7-text wpcf7-email wpcf7-validates-as-required wpcf7-validates-as-email\" aria-required=\"true\" aria-invalid=\"false\" value=\"\" type=\"email\" name=\"your-email\" \/><\/span>\n<\/p>\n<p>Ihre Telefonnummer (Pflichtfeld)\n<\/p>\n<p><span class=\"wpcf7-form-control-wrap\" data-name=\"tel-nr\"><input size=\"40\" class=\"wpcf7-form-control wpcf7-text wpcf7-tel wpcf7-validates-as-required wpcf7-validates-as-tel\" aria-required=\"true\" aria-invalid=\"false\" value=\"\" type=\"tel\" name=\"tel-nr\" \/><\/span>\n<\/p>\n<p>Ihr Geburtsdatum (Pflichtfeld)\n<\/p>\n<p><span class=\"wpcf7-form-control-wrap\" data-name=\"your-birthday\"><input class=\"wpcf7-form-control wpcf7-date wpcf7-validates-as-required wpcf7-validates-as-date\" aria-required=\"true\" aria-invalid=\"false\" value=\"\" type=\"date\" name=\"your-birthday\" \/><\/span>\n<\/p>\n<p>Ihre Diagnose\n<\/p>\n<p><span class=\"wpcf7-form-control-wrap\" data-name=\"diagnose\"><input size=\"40\" class=\"wpcf7-form-control wpcf7-text\" aria-invalid=\"false\" value=\"\" type=\"text\" name=\"diagnose\" \/><\/span>\n<\/p>\n<p>Ihr Wunsch-Termin\/-Zeit\n<\/p>\n<p><span class=\"wpcf7-form-control-wrap\" data-name=\"termin\"><input size=\"40\" class=\"wpcf7-form-control wpcf7-text\" aria-invalid=\"false\" value=\"\" type=\"text\" name=\"termin\" \/><\/span>\n<\/p>\n<p><input class=\"wpcf7-form-control has-spinner wpcf7-submit\" type=\"submit\" value=\"Senden\" \/>\n<\/p><div class=\"wpcf7-response-output\" aria-hidden=\"true\"><\/div><\/form><\/div><br \/>\nBesten Dank f\u00fcr Ihre Anfrage!<br \/>\nWir melden uns so bald m\u00f6glich, sp\u00e4testens am folgenden Arbeitstag.<\/p>\n<\/div><\/div><\/div><\/div><\/div>\n","protected":false},"excerpt":{"rendered":"<p>WICHTIG:\u00a0\u00a0 Steht eine Operation bevor? Bitte melden Sie sich, sobald Sie den OP-Termin haben, damit wir Ihre Termine rechtzeitig einplanen k\u00f6nnen!Und so funktioniert es:1.\u00a0 Ihr Arzt verschreibt Ihnen Physiotherapie und gibt ihnen eine Verordnung mit, oder er schickt die Verordnung direkt zu uns per Mail oder Fax. Bei uns k\u00f6nnen Sie auch einen privat Termin ohne \u00e4rztliche Verordung abmachen. (z.B. &#8230; <\/p>\n<div><a href=\"https:\/\/a2physio.ch\/wordpress\/anmeldung-v1\/\" class=\"more-link\">Read More<\/a><\/div>\n","protected":false},"author":1,"featured_media":0,"parent":0,"menu_order":0,"comment_status":"closed","ping_status":"closed","template":"","meta":[],"_links":{"self":[{"href":"https:\/\/a2physio.ch\/wordpress\/wp-json\/wp\/v2\/pages\/315"}],"collection":[{"href":"https:\/\/a2physio.ch\/wordpress\/wp-json\/wp\/v2\/pages"}],"about":[{"href":"https:\/\/a2physio.ch\/wordpress\/wp-json\/wp\/v2\/types\/page"}],"author":[{"embeddable":true,"href":"https:\/\/a2physio.ch\/wordpress\/wp-json\/wp\/v2\/users\/1"}],"replies":[{"embeddable":true,"href":"https:\/\/a2physio.ch\/wordpress\/wp-json\/wp\/v2\/comments?post=315"}],"version-history":[{"count":10,"href":"https:\/\/a2physio.ch\/wordpress\/wp-json\/wp\/v2\/pages\/315\/revisions"}],"predecessor-version":[{"id":652,"href":"https:\/\/a2physio.ch\/wordpress\/wp-json\/wp\/v2\/pages\/315\/revisions\/652"}],"wp:attachment":[{"href":"https:\/\/a2physio.ch\/wordpress\/wp-json\/wp\/v2\/media?parent=315"}],"curies":[{"name":"wp","href":"https:\/\/api.w.org\/{rel}","templated":true}]}}